{"id":317,"date":"2025-04-16T17:38:20","date_gmt":"2025-04-16T17:38:20","guid":{"rendered":"https:\/\/mw.niubrands.pl\/?page_id=317"},"modified":"2025-04-16T18:14:47","modified_gmt":"2025-04-16T18:14:47","slug":"rotenso","status":"publish","type":"page","link":"https:\/\/wojan-klimatyzacje.pl\/index.php\/rotenso\/","title":{"rendered":"Rotenso"},"content":{"rendered":"<section class=\"bde-section-317-100 bde-section\">\n  \n  \n\t\n\n\n\n<div class=\"section-container\"><h1 class=\"bde-heading-317-101 bde-heading\">\nModele firmy Rotenso\n<\/h1><\/div>\n<\/section><section class=\"bde-section-317-102 bde-section\">\n  \n  \n\t\n\n\n\n<div class=\"section-container\"><div class=\"bde-columns-317-103 bde-columns\"><div class=\"bde-column-317-104 bde-column\">\n  \n  \n\t\n\n\n\n<img decoding=\"async\" class=\"bde-image2-317-105 bde-image2\" src=\"http:\/\/mw.niubrands.pl\/wp-content\/uploads\/2025\/04\/roni.jpg\" loading=\"lazy\" srcset=\"https:\/\/wojan-klimatyzacje.pl\/wp-content\/uploads\/2025\/04\/roni.jpg 718w, https:\/\/wojan-klimatyzacje.pl\/wp-content\/uploads\/2025\/04\/roni-300x144.jpg 300w\" sizes=\"(max-width: 718px) 100vw, 718px\">\n<\/div><div class=\"bde-column-317-106 bde-column\">\n  \n  \n\t\n\n\n\n<h1 class=\"bde-heading-317-107 bde-heading\">\nKlimatyzacja Rotenso<br>Roni X\n<\/h1><div class=\"bde-text-317-108 bde-text\">\nRoni X 2,6 kW<br>Roni X 3,4 kW<br>Roni X 5,1 kW<br>Roni X 6,8 kW\n<\/div><div class=\"bde-text-317-109 bde-text\">\nModel Roni to bardzo popularna jednostka w ofercie Rotenso. Jego zalet\u0105 s\u0105 niewielkie rozmiary pozwalaj\u0105ce na dyskretny monta\u017c, szczeg\u00f3lnie gdy do dyspozycji jest ograniczona przestrze\u0144. Optymalne parametry i pakiet niezb\u0119dnych funkcji sprawia, \u017ce klimatyzator Roni to doskona\u0142y wyb\u00f3r. Klasyczny, bia\u0142y wygl\u0105d, delikatnie z\u0142amany z\u0142ot\u0105 linia idealnie wkomponuje si\u0119 w wystr\u00f3j niemal\u017ce ka\u017cdego pomieszczenia.\n<\/div><div class=\"bde-columns-317-110 bde-columns\"><div class=\"bde-column-317-111 bde-column\">\n  \n  \n\t\n\n\n\n<div class=\"bde-button-317-112 bde-button\">\n    \n                        \n                        \n    \n    \n    \n    \n            \n                    \n            \n            \n\n    \n    \n    \n    \n    \n    <a class=\"breakdance-link button-atom button-atom--custom bde-button__button\" href=\"https:\/\/rotenso.com\/pl\/produkt\/roni\/\" target=\"_self\" data-type=\"url\"  >\n\n    \n        <span class=\"button-atom__text\">Dane techniczne modeli<\/span>\n\n        \n        \n                <\/a>\n\n    \n\n\n<\/div>\n<\/div><div class=\"bde-column-317-113 bde-column\">\n  \n  \n\t\n\n\n\n<div class=\"bde-button-317-114 bde-button\">\n    \n                        \n                        \n    \n    \n    \n    \n            \n                    \n            \n            \n\n    \n    \n    \n    \n    \n    <a class=\"breakdance-link button-atom button-atom--custom bde-button__button\" href=\"tel: 531606532\" target=\"_self\" data-type=\"contact\"  >\n\n    \n        <span class=\"button-atom__text\">Zapytaj o dob\u00f3r i cen\u0119 klimatyzatora<\/span>\n\n        \n        \n                <\/a>\n\n    \n\n\n<\/div>\n<\/div><\/div>\n<\/div><\/div><div class=\"bde-fancy-divider-317-115 bde-fancy-divider\">\n\n\n<div class=\"bde-fancy-divider__wrapper\">\n  <div class=\"bde-fancy-divider__separator   \">\n  \t  <\/div>\n<\/div>\n\n<\/div><\/div>\n<\/section><section class=\"bde-section-317-116 bde-section\">\n  \n  \n\t\n\n\n\n<div class=\"section-container\"><div class=\"bde-columns-317-117 bde-columns\"><div class=\"bde-column-317-118 bde-column\">\n  \n  \n\t\n\n\n\n<img decoding=\"async\" class=\"bde-image2-317-119 bde-image2\" src=\"http:\/\/mw.niubrands.pl\/wp-content\/uploads\/2025\/04\/Ukura.jpg\" loading=\"lazy\" srcset=\"https:\/\/wojan-klimatyzacje.pl\/wp-content\/uploads\/2025\/04\/Ukura.jpg 718w, https:\/\/wojan-klimatyzacje.pl\/wp-content\/uploads\/2025\/04\/Ukura-300x144.jpg 300w\" sizes=\"(max-width: 718px) 100vw, 718px\">\n<\/div><div class=\"bde-column-317-120 bde-column\">\n  \n  \n\t\n\n\n\n<h1 class=\"bde-heading-317-121 bde-heading\">\nKlimatyzacja Rotenso<br>Ukura X\n<\/h1><div class=\"bde-text-317-122 bde-text\">\nUkura 2,6 kW<br>Ukura 3,5 kW<br>Ukura 5,3 kW<br>Ukura 7,0 kW\n<\/div><div class=\"bde-text-317-123 bde-text\">\nKlimatyzator o kompaktowej budowie z nowoczesnymi zaokr\u0105gleniami panelu frontowego, wzbogaconymi o delikatne, srebrne wyko\u0144czenia. Rotenso\u00ae Ukura (generacji X) to ekonomiczna jednostka o wysokiej klasie energooszcz\u0119dno\u015bci A++. Klimatyzator wydajnie rozprowadza powietrze dzi\u0119ki systemowi automatycznego nawiewu 4D. Umo\u017cliwia on sterowanie prac\u0105 \u017caluzji pionowych i poziomych za pomoc\u0105 pilota. Zastosowanie dodatkowych filtr\u00f3w: HEPA i Cold Nano oraz filtra elektrostatycznego i jonizatora powietrza wp\u0142ywa na skuteczn\u0105 eliminacj\u0119 zanieczyszcze\u0144 i zapewnia od\u015bwie\u017cone powietrze w pomieszczeniu.\n<\/div><div class=\"bde-columns-317-124 bde-columns\"><div class=\"bde-column-317-125 bde-column\">\n  \n  \n\t\n\n\n\n<div class=\"bde-button-317-126 bde-button\">\n    \n                        \n                        \n    \n    \n    \n    \n            \n                    \n            \n            \n\n    \n    \n    \n    \n    \n    <a class=\"breakdance-link button-atom button-atom--custom bde-button__button\" href=\"https:\/\/rotenso.com\/pl\/produkt\/ukura\/\" target=\"_self\" data-type=\"url\"  >\n\n    \n        <span class=\"button-atom__text\">Dane techniczne modeli<\/span>\n\n        \n        \n                <\/a>\n\n    \n\n\n<\/div>\n<\/div><div class=\"bde-column-317-127 bde-column\">\n  \n  \n\t\n\n\n\n<div class=\"bde-button-317-128 bde-button\">\n    \n                        \n                        \n    \n    \n    \n    \n            \n                    \n            \n            \n\n    \n    \n    \n    \n    \n    <a class=\"breakdance-link button-atom button-atom--custom bde-button__button\" href=\"tel: 531606532\" target=\"_self\" data-type=\"contact\"  >\n\n    \n        <span class=\"button-atom__text\">Zapytaj o dob\u00f3r i cen\u0119 klimatyzatora<\/span>\n\n        \n        \n                <\/a>\n\n    \n\n\n<\/div>\n<\/div><\/div>\n<\/div><\/div><div class=\"bde-fancy-divider-317-129 bde-fancy-divider\">\n\n\n<div class=\"bde-fancy-divider__wrapper\">\n  <div class=\"bde-fancy-divider__separator   \">\n  \t  <\/div>\n<\/div>\n\n<\/div><\/div>\n<\/section><section class=\"bde-section-317-130 bde-section\">\n  \n  \n\t\n\n\n\n<div class=\"section-container\"><div class=\"bde-columns-317-131 bde-columns\"><div class=\"bde-column-317-132 bde-column\">\n  \n  \n\t\n\n\n\n<img decoding=\"async\" class=\"bde-image2-317-133 bde-image2\" src=\"http:\/\/mw.niubrands.pl\/wp-content\/uploads\/2025\/04\/teta-mirror.jpg\" loading=\"lazy\" srcset=\"https:\/\/wojan-klimatyzacje.pl\/wp-content\/uploads\/2025\/04\/teta-mirror.jpg 718w, https:\/\/wojan-klimatyzacje.pl\/wp-content\/uploads\/2025\/04\/teta-mirror-300x200.jpg 300w\" sizes=\"(max-width: 718px) 100vw, 718px\">\n<\/div><div class=\"bde-column-317-134 bde-column\">\n  \n  \n\t\n\n\n\n<h1 class=\"bde-heading-317-135 bde-heading\">\nKlimatyzacja Rotenso<br>Teta Mirror X\n<\/h1><div class=\"bde-text-317-136 bde-text\">\nTeta Mirror X 2,6 kW<br>Teta Mirror X 3,5 kW<br>Teta Mirror X 5,1 kW<br>Teta Mirror X 6,9 kW\n<\/div><div class=\"bde-text-317-137 bde-text\">\nKlimatyzator \u015bcienny Rotenso Teta Mirror stworzyli\u015bmy jako nowoczesne, energooszcz\u0119dne, ca\u0142oroczne urz\u0105dzenie do ch\u0142odzenia i grzania. Niezawodno\u015b\u0107 funkcji grzewczej, nawet przy niskich temperaturach zewn\u0119trznych do -25\u00b0C, pozwala wykorzysta\u0107 urz\u0105dzenie jako samodzielne \u017ar\u00f3d\u0142o ciep\u0142a.<br><br>G\u0142\u0119boka czer\u0144 matowej obudowy w po\u0142\u0105czeniu z czarnym lustrzanym czo\u0142em sk\u0142adaj\u0105 si\u0119 na nowoczesny i uniwersalny wygl\u0105d klimatyzatora, kt\u00f3ry sprawdzi si\u0119 we wn\u0119trzach o r\u00f3\u017cnym stylu. Oszcz\u0119dny design, minimalistyczna forma oraz g\u0142\u0119boka czer\u0144 matowej obudowy i po\u0142yskliwego frontu stwarzaj\u0105 nieograniczone mo\u017cliwo\u015bci aran\u017cacji urz\u0105dzenia.\n<\/div><div class=\"bde-columns-317-138 bde-columns\"><div class=\"bde-column-317-139 bde-column\">\n  \n  \n\t\n\n\n\n<div class=\"bde-button-317-140 bde-button\">\n    \n                        \n                        \n    \n    \n    \n    \n            \n                    \n            \n            \n\n    \n    \n    \n    \n    \n    <a class=\"breakdance-link button-atom button-atom--custom bde-button__button\" href=\"https:\/\/rotenso.com\/pl\/produkt\/teta-mirror\/\" target=\"_self\" data-type=\"url\"  >\n\n    \n        <span class=\"button-atom__text\">Dane techniczne modeli<\/span>\n\n        \n        \n                <\/a>\n\n    \n\n\n<\/div>\n<\/div><div class=\"bde-column-317-141 bde-column\">\n  \n  \n\t\n\n\n\n<div class=\"bde-button-317-142 bde-button\">\n    \n                        \n                        \n    \n    \n    \n    \n            \n                    \n            \n            \n\n    \n    \n    \n    \n    \n    <a class=\"breakdance-link button-atom button-atom--custom bde-button__button\" href=\"tel: 531606532\" target=\"_self\" data-type=\"contact\"  >\n\n    \n        <span class=\"button-atom__text\">Zapytaj o dob\u00f3r i cen\u0119 klimatyzatora<\/span>\n\n        \n        \n                <\/a>\n\n    \n\n\n<\/div>\n<\/div><\/div>\n<\/div><\/div><div class=\"bde-fancy-divider-317-143 bde-fancy-divider\">\n\n\n<div class=\"bde-fancy-divider__wrapper\">\n  <div class=\"bde-fancy-divider__separator   \">\n  \t  <\/div>\n<\/div>\n\n<\/div><\/div>\n<\/section><section class=\"bde-section-317-144 bde-section\">\n  \n  \n\t\n\n\n\n<div class=\"section-container\"><div class=\"bde-columns-317-145 bde-columns\"><div class=\"bde-column-317-146 bde-column\">\n  \n  \n\t\n\n\n\n<img decoding=\"async\" class=\"bde-image2-317-147 bde-image2\" src=\"http:\/\/mw.niubrands.pl\/wp-content\/uploads\/2025\/04\/Imoto.jpg\" loading=\"lazy\" srcset=\"https:\/\/wojan-klimatyzacje.pl\/wp-content\/uploads\/2025\/04\/Imoto.jpg 718w, https:\/\/wojan-klimatyzacje.pl\/wp-content\/uploads\/2025\/04\/Imoto-300x144.jpg 300w\" sizes=\"(max-width: 718px) 100vw, 718px\">\n<\/div><div class=\"bde-column-317-148 bde-column\">\n  \n  \n\t\n\n\n\n<h1 class=\"bde-heading-317-149 bde-heading\">\nKlimatyzacja Rotenso<br>Imoto X\n<\/h1><div class=\"bde-text-317-150 bde-text\">\nImoto X 2,6 kW<br>Imoto X 3,5 kW<br>Imoto X 5,3 kW<br>Imoto X 7,3 kW\n<\/div><div class=\"bde-text-317-151 bde-text\">\nJednostka o klasycznym, zawsze modnym wygl\u0105dzie, z panelem frontowym gustownie wyko\u0144czonym szk\u0142em akrylowym.<br><br>Rotenso Imoto (generacji X) to jednostka o najwy\u017cszej klasie energooszcz\u0119dno\u015bci ch\u0142odzenia A+++. Dedykowana do u\u017cytkowania ca\u0142orocznego (ch\u0142odzenie i ogrzewanie pomieszcze\u0144).<br><br>Imoto posiada w standardzie a\u017c trzy filtry, kt\u00f3re odpowiadaj\u0105 za usuni\u0119cie z powietrza szerokiej gamy zanieczyszcze\u0144 (m.in. kurz, alergeny, py\u0142ki, grzyby, bakterie i wirusy) oraz jonizator powietrza. Zapewniaj\u0105 one od\u015bwie\u017cone powietrze w pomieszczeniu.\n<\/div><div class=\"bde-columns-317-152 bde-columns\"><div class=\"bde-column-317-153 bde-column\">\n  \n  \n\t\n\n\n\n<div class=\"bde-button-317-154 bde-button\">\n    \n                        \n                        \n    \n    \n    \n    \n            \n                    \n            \n            \n\n    \n    \n    \n    \n    \n    <a class=\"breakdance-link button-atom button-atom--custom bde-button__button\" href=\"https:\/\/rotenso.com\/pl\/produkt\/imoto\/\" target=\"_self\" data-type=\"url\"  >\n\n    \n        <span class=\"button-atom__text\">Dane techniczne modeli<\/span>\n\n        \n        \n                <\/a>\n\n    \n\n\n<\/div>\n<\/div><div class=\"bde-column-317-155 bde-column\">\n  \n  \n\t\n\n\n\n<div class=\"bde-button-317-156 bde-button\">\n    \n                        \n                        \n    \n    \n    \n    \n            \n                    \n            \n            \n\n    \n    \n    \n    \n    \n    <a class=\"breakdance-link button-atom button-atom--custom bde-button__button\" href=\"tel: 531606532\" target=\"_self\" data-type=\"contact\"  >\n\n    \n        <span class=\"button-atom__text\">Zapytaj o dob\u00f3r i cen\u0119 klimatyzatora<\/span>\n\n        \n        \n                <\/a>\n\n    \n\n\n<\/div>\n<\/div><\/div>\n<\/div><\/div><div class=\"bde-fancy-divider-317-157 bde-fancy-divider\">\n\n\n<div class=\"bde-fancy-divider__wrapper\">\n  <div class=\"bde-fancy-divider__separator   \">\n  \t  <\/div>\n<\/div>\n\n<\/div><\/div>\n<\/section><section class=\"bde-section-317-158 bde-section\">\n  \n  \n\t\n\n\n\n<div class=\"section-container\"><div class=\"bde-columns-317-159 bde-columns\"><div class=\"bde-column-317-160 bde-column\">\n  \n  \n\t\n\n\n\n<img decoding=\"async\" class=\"bde-image2-317-161 bde-image2\" src=\"http:\/\/mw.niubrands.pl\/wp-content\/uploads\/2025\/04\/Elis.png\" loading=\"lazy\" srcset=\"https:\/\/wojan-klimatyzacje.pl\/wp-content\/uploads\/2025\/04\/Elis.png 718w, https:\/\/wojan-klimatyzacje.pl\/wp-content\/uploads\/2025\/04\/Elis-300x171.png 300w\" sizes=\"(max-width: 718px) 100vw, 718px\">\n<\/div><div class=\"bde-column-317-162 bde-column\">\n  \n  \n\t\n\n\n\n<h1 class=\"bde-heading-317-163 bde-heading\">\nKlimatyzacja Rotenso<br>Elis X\n<\/h1><div class=\"bde-text-317-164 bde-text\">\nElis X 2,6 kW<br>Elis X 3,4 kW<br>Elis X 5,1 kW<br>Elis X 6,8 kW\n<\/div><div class=\"bde-text-317-165 bde-text\">\nElis jest doskona\u0142ym wyborem dla poszukuj\u0105cych nowoczesnej formy do modnego wn\u0119trza w stylu loft, industrialnym czy glamour. Minimalistyczny, ponadczasowy design, grafitowa obudowa i panel frontowy imituj\u0105cy tafl\u0119 ciemnego szk\u0142a podkre\u015blaj\u0105 presti\u017cowy charakter urz\u0105dzenia, kt\u00f3re znakomicie wsp\u00f3\u0142gra r\u00f3wnie\u017c z ciemnymi barwami \u015bcian. Klimatyzator ma zwart\u0105, kompaktow\u0105 obudow\u0119 zbli\u017con\u0105 do prostopad\u0142o\u015bcianu.\n<\/div><div class=\"bde-columns-317-166 bde-columns\"><div class=\"bde-column-317-167 bde-column\">\n  \n  \n\t\n\n\n\n<div class=\"bde-button-317-168 bde-button\">\n    \n                        \n                        \n    \n    \n    \n    \n            \n                    \n            \n            \n\n    \n    \n    \n    \n    \n    <a class=\"breakdance-link button-atom button-atom--custom bde-button__button\" href=\"https:\/\/rotenso.com\/pl\/produkt\/elis\/\" target=\"_self\" data-type=\"url\"  >\n\n    \n        <span class=\"button-atom__text\">Dane techniczne modeli<\/span>\n\n        \n        \n                <\/a>\n\n    \n\n\n<\/div>\n<\/div><div class=\"bde-column-317-169 bde-column\">\n  \n  \n\t\n\n\n\n<div class=\"bde-button-317-170 bde-button\">\n    \n                        \n                        \n    \n    \n    \n    \n            \n                    \n            \n            \n\n    \n    \n    \n    \n    \n    <a class=\"breakdance-link button-atom button-atom--custom bde-button__button\" href=\"tel: 531606532\" target=\"_self\" data-type=\"contact\"  >\n\n    \n        <span class=\"button-atom__text\">Zapytaj o dob\u00f3r i cen\u0119 klimatyzatora<\/span>\n\n        \n        \n                <\/a>\n\n    \n\n\n<\/div>\n<\/div><\/div>\n<\/div><\/div><div class=\"bde-fancy-divider-317-171 bde-fancy-divider\">\n\n\n<div class=\"bde-fancy-divider__wrapper\">\n  <div class=\"bde-fancy-divider__separator   \">\n  \t  <\/div>\n<\/div>\n\n<\/div><\/div>\n<\/section>","protected":false},"excerpt":{"rendered":"<p>Modele firmy Rotenso Klimatyzacja RotensoRoni X Roni X 2,6 kWRoni X 3,4 kWRoni X 5,1 kWRoni X 6,8 kW Model Roni to bardzo popularna jednostka w ofercie Rotenso. Jego zalet\u0105 s\u0105 niewielkie rozmiary pozwalaj\u0105ce na dyskretny monta\u017c, szczeg\u00f3lnie gdy do dyspozycji jest ograniczona przestrze\u0144. Optymalne parametry i pakiet niezb\u0119dnych funkcji sprawia, \u017ce klimatyzator Roni to [&hellip;]<\/p>\n","protected":false},"author":1,"featured_media":0,"parent":0,"menu_order":0,"comment_status":"closed","ping_status":"closed","template":"","meta":{"_breakdance_hide_in_design_set":false,"_breakdance_tags":"","footnotes":""},"class_list":["post-317","page","type-page","status-publish","hentry"],"_links":{"self":[{"href":"https:\/\/wojan-klimatyzacje.pl\/index.php\/wp-json\/wp\/v2\/pages\/317","targetHints":{"allow":["GET"]}}],"collection":[{"href":"https:\/\/wojan-klimatyzacje.pl\/index.php\/wp-json\/wp\/v2\/pages"}],"about":[{"href":"https:\/\/wojan-klimatyzacje.pl\/index.php\/wp-json\/wp\/v2\/types\/page"}],"author":[{"embeddable":true,"href":"https:\/\/wojan-klimatyzacje.pl\/index.php\/wp-json\/wp\/v2\/users\/1"}],"replies":[{"embeddable":true,"href":"https:\/\/wojan-klimatyzacje.pl\/index.php\/wp-json\/wp\/v2\/comments?post=317"}],"version-history":[{"count":8,"href":"https:\/\/wojan-klimatyzacje.pl\/index.php\/wp-json\/wp\/v2\/pages\/317\/revisions"}],"predecessor-version":[{"id":330,"href":"https:\/\/wojan-klimatyzacje.pl\/index.php\/wp-json\/wp\/v2\/pages\/317\/revisions\/330"}],"wp:attachment":[{"href":"https:\/\/wojan-klimatyzacje.pl\/index.php\/wp-json\/wp\/v2\/media?parent=317"}],"curies":[{"name":"wp","href":"https:\/\/api.w.org\/{rel}","templated":true}]}}