{"id":304,"date":"2025-04-16T15:29:02","date_gmt":"2025-04-16T15:29:02","guid":{"rendered":"https:\/\/mw.niubrands.pl\/?page_id=304"},"modified":"2025-04-16T17:38:09","modified_gmt":"2025-04-16T17:38:09","slug":"gree","status":"publish","type":"page","link":"https:\/\/wojan-klimatyzacje.pl\/index.php\/gree\/","title":{"rendered":"Gree"},"content":{"rendered":"<section class=\"bde-section-304-100 bde-section\">\n  \n  \n\t\n\n\n\n<div class=\"section-container\"><h1 class=\"bde-heading-304-101 bde-heading\">\nModele firmy Gree\n<\/h1><\/div>\n<\/section><section class=\"bde-section-304-102 bde-section\">\n  \n  \n\t\n\n\n\n<div class=\"section-container\"><div class=\"bde-columns-304-103 bde-columns\"><div class=\"bde-column-304-104 bde-column\">\n  \n  \n\t\n\n\n\n<img decoding=\"async\" class=\"bde-image2-304-105 bde-image2\" src=\"http:\/\/mw.niubrands.pl\/wp-content\/uploads\/2025\/04\/Gree_pular.webp\" loading=\"lazy\" srcset=\"https:\/\/wojan-klimatyzacje.pl\/wp-content\/uploads\/2025\/04\/Gree_pular.webp 1395w, https:\/\/wojan-klimatyzacje.pl\/wp-content\/uploads\/2025\/04\/Gree_pular-300x110.webp 300w, https:\/\/wojan-klimatyzacje.pl\/wp-content\/uploads\/2025\/04\/Gree_pular-1024x375.webp 1024w, https:\/\/wojan-klimatyzacje.pl\/wp-content\/uploads\/2025\/04\/Gree_pular-768x281.webp 768w\" sizes=\"(max-width: 1395px) 100vw, 1395px\">\n<\/div><div class=\"bde-column-304-106 bde-column\">\n  \n  \n\t\n\n\n\n<h1 class=\"bde-heading-304-107 bde-heading\">\nKlimatyzator \u015bcienny Pular PRO\n<\/h1><div class=\"bde-text-304-109 bde-text\">\nNajnowsza kolekcja Pular PRO to kontynuacja kultowej ju\u017c serii klimatyzator\u00f3w Pular. Przy zachowaniu prostej formy i estetyki w duchu minimal urz\u0105dzenia zyska\u0142y nowy, mocny kolor i ca\u0142e spektrum funkcji i udogodnie\u0144. Pular PRO to klimatyzator, kt\u00f3ry nie tylko efektywnie ch\u0142odzi, ale tak\u017ce wydajnie ogrzewa.\n<\/div><div class=\"bde-columns-304-110 bde-columns\"><div class=\"bde-column-304-111 bde-column\">\n  \n  \n\t\n\n\n\n<div class=\"bde-button-304-112 bde-button\">\n    \n                        \n                        \n    \n    \n    \n    \n            \n                    \n            \n            \n\n    \n    \n    \n    \n    \n    <a class=\"breakdance-link button-atom button-atom--custom bde-button__button\" href=\"https:\/\/gree.pl\/produkt\/klimatyzator-pular-pro\/\" target=\"_self\" data-type=\"url\"  >\n\n    \n        <span class=\"button-atom__text\">Dane techniczne modeli<\/span>\n\n        \n        \n                <\/a>\n\n    \n\n\n<\/div>\n<\/div><div class=\"bde-column-304-113 bde-column\">\n  \n  \n\t\n\n\n\n<div class=\"bde-button-304-114 bde-button\">\n    \n                        \n                        \n    \n    \n    \n    \n            \n                    \n            \n            \n\n    \n    \n    \n    \n    \n    <a class=\"breakdance-link button-atom button-atom--custom bde-button__button\" href=\"tel: 531606532\" target=\"_self\" data-type=\"contact\"  >\n\n    \n        <span class=\"button-atom__text\">Zapytaj o dob\u00f3r i cen\u0119 klimatyzatora<\/span>\n\n        \n        \n                <\/a>\n\n    \n\n\n<\/div>\n<\/div><\/div>\n<\/div><\/div><div class=\"bde-fancy-divider-304-115 bde-fancy-divider\">\n\n\n<div class=\"bde-fancy-divider__wrapper\">\n  <div class=\"bde-fancy-divider__separator   \">\n  \t  <\/div>\n<\/div>\n\n<\/div><\/div>\n<\/section><section class=\"bde-section-304-142 bde-section\">\n  \n  \n\t\n\n\n\n<div class=\"section-container\"><div class=\"bde-columns-304-143 bde-columns\"><div class=\"bde-column-304-144 bde-column\">\n  \n  \n\t\n\n\n\n<img decoding=\"async\" class=\"bde-image2-304-145 bde-image2\" src=\"http:\/\/mw.niubrands.pl\/wp-content\/uploads\/2025\/04\/pular.webp\" loading=\"lazy\" srcset=\"https:\/\/wojan-klimatyzacje.pl\/wp-content\/uploads\/2025\/04\/pular.webp 1920w, https:\/\/wojan-klimatyzacje.pl\/wp-content\/uploads\/2025\/04\/pular-300x113.webp 300w, https:\/\/wojan-klimatyzacje.pl\/wp-content\/uploads\/2025\/04\/pular-1024x384.webp 1024w, https:\/\/wojan-klimatyzacje.pl\/wp-content\/uploads\/2025\/04\/pular-768x288.webp 768w, https:\/\/wojan-klimatyzacje.pl\/wp-content\/uploads\/2025\/04\/pular-1536x576.webp 1536w\" sizes=\"(max-width: 1920px) 100vw, 1920px\">\n<\/div><div class=\"bde-column-304-146 bde-column\">\n  \n  \n\t\n\n\n\n<h1 class=\"bde-heading-304-147 bde-heading\">\nKlimatyzator \u015bcienny Pular\n<\/h1><div class=\"bde-text-304-148 bde-text\">\nKlimatyzator \u015bcienny Pular to zdecydowanie najcz\u0119\u015bciej wybierane przez klient\u00f3w urz\u0105dzenie. Dzieje si\u0119 tak z kilku powod\u00f3w. Ten klasyczny w swym wygl\u0105dzie model, dost\u0119pny w wyj\u0105tkowo niskiej cenie, oferuje jednocze\u015bnie wysok\u0105 energooszcz\u0119dno\u015b\u0107, szerok\u0105 funkcjonalno\u015b\u0107 i pe\u0142en komfort. Dzi\u0119ki szerokim mo\u017cliwo\u015bciom sterowania, jego obs\u0142uga jest prosta i wygodna. Wyposa\u017cony zosta\u0142 bowiem w standardzie w pilot bezprzewodowy oraz modu\u0142 WiFi. Opcjonalnie model ten mo\u017cna wyposa\u017cy\u0107 w sterownik na\u015bcienny, sterownik centralny, modu\u0142 pozwolenia na prac\u0119 oraz bramk\u0119 BMS. Ponadto urz\u0105dzenie posiada 3 tryby snu, 7 bieg\u00f3w wentylatora oraz automatycznie \u017caluzje pionowe i poziome.\n<\/div><div class=\"bde-columns-304-149 bde-columns\"><div class=\"bde-column-304-150 bde-column\">\n  \n  \n\t\n\n\n\n<div class=\"bde-button-304-151 bde-button\">\n    \n                        \n                        \n    \n    \n    \n    \n            \n                    \n            \n            \n\n    \n    \n    \n    \n    \n    <a class=\"breakdance-link button-atom button-atom--custom bde-button__button\" href=\"https:\/\/gree.pl\/produkt\/klimatyzator-pular\/\" target=\"_self\" data-type=\"url\"  >\n\n    \n        <span class=\"button-atom__text\">Dane techniczne modeli<\/span>\n\n        \n        \n                <\/a>\n\n    \n\n\n<\/div>\n<\/div><div class=\"bde-column-304-152 bde-column\">\n  \n  \n\t\n\n\n\n<div class=\"bde-button-304-153 bde-button\">\n    \n                        \n                        \n    \n    \n    \n    \n            \n                    \n            \n            \n\n    \n    \n    \n    \n    \n    <a class=\"breakdance-link button-atom button-atom--custom bde-button__button\" href=\"tel: 531606532\" target=\"_self\" data-type=\"contact\"  >\n\n    \n        <span class=\"button-atom__text\">Zapytaj o dob\u00f3r i cen\u0119 klimatyzatora<\/span>\n\n        \n        \n                <\/a>\n\n    \n\n\n<\/div>\n<\/div><\/div>\n<\/div><\/div><div class=\"bde-fancy-divider-304-154 bde-fancy-divider\">\n\n\n<div class=\"bde-fancy-divider__wrapper\">\n  <div class=\"bde-fancy-divider__separator   \">\n  \t  <\/div>\n<\/div>\n\n<\/div><\/div>\n<\/section><section class=\"bde-section-304-116 bde-section\">\n  \n  \n\t\n\n\n\n<div class=\"section-container\"><div class=\"bde-columns-304-117 bde-columns\"><div class=\"bde-column-304-118 bde-column\">\n  \n  \n\t\n\n\n\n<img decoding=\"async\" class=\"bde-image2-304-119 bde-image2\" src=\"http:\/\/mw.niubrands.pl\/wp-content\/uploads\/2025\/04\/fairy.webp\" loading=\"lazy\" srcset=\"https:\/\/wojan-klimatyzacje.pl\/wp-content\/uploads\/2025\/04\/fairy.webp 1920w, https:\/\/wojan-klimatyzacje.pl\/wp-content\/uploads\/2025\/04\/fairy-300x92.webp 300w, https:\/\/wojan-klimatyzacje.pl\/wp-content\/uploads\/2025\/04\/fairy-1024x315.webp 1024w, https:\/\/wojan-klimatyzacje.pl\/wp-content\/uploads\/2025\/04\/fairy-768x236.webp 768w, https:\/\/wojan-klimatyzacje.pl\/wp-content\/uploads\/2025\/04\/fairy-1536x472.webp 1536w\" sizes=\"(max-width: 1920px) 100vw, 1920px\">\n<\/div><div class=\"bde-column-304-120 bde-column\">\n  \n  \n\t\n\n\n\n<h1 class=\"bde-heading-304-121 bde-heading\">\nKlimatyzator \u015bcienny Fairy\n<\/h1><div class=\"bde-text-304-122 bde-text\">\nModel Fairy to urz\u0105dzenie marki GREE, kt\u00f3re wyr\u00f3\u017cnia si\u0119 wyj\u0105tkowym designem. Elegancki wygl\u0105d, stylowa obudowa i zaokr\u0105glone kraw\u0119dzie sprawiaj\u0105, \u017ce model ten idealnie pasuje do ka\u017cdego, nowoczesnego wn\u0119trza. Jedn\u0105 z cech charakterystycznych tego urz\u0105dzenia jest szeroki zakres temperatur zewn\u0119trznych oraz wysoka efektywno\u015b\u0107 pracy w trybie ogrzewania. Fairy to idealny wyb\u00f3r dla u\u017cytkownik\u00f3w ceni\u0105cych jako\u015b\u0107 i nowoczesny wygl\u0105d klimatyzator\u00f3w.\n<\/div><div class=\"bde-columns-304-123 bde-columns\"><div class=\"bde-column-304-124 bde-column\">\n  \n  \n\t\n\n\n\n<div class=\"bde-button-304-125 bde-button\">\n    \n                        \n                        \n    \n    \n    \n    \n            \n                    \n            \n            \n\n    \n    \n    \n    \n    \n    <a class=\"breakdance-link button-atom button-atom--custom bde-button__button\" href=\"https:\/\/gree.pl\/produkt\/klimatyzator-fairy\/\" target=\"_self\" data-type=\"url\"  >\n\n    \n        <span class=\"button-atom__text\">Dane techniczne modeli<\/span>\n\n        \n        \n                <\/a>\n\n    \n\n\n<\/div>\n<\/div><div class=\"bde-column-304-126 bde-column\">\n  \n  \n\t\n\n\n\n<div class=\"bde-button-304-127 bde-button\">\n    \n                        \n                        \n    \n    \n    \n    \n            \n                    \n            \n            \n\n    \n    \n    \n    \n    \n    <a class=\"breakdance-link button-atom button-atom--custom bde-button__button\" href=\"tel: 531606532\" target=\"_self\" data-type=\"contact\"  >\n\n    \n        <span class=\"button-atom__text\">Zapytaj o dob\u00f3r i cen\u0119 klimatyzatora<\/span>\n\n        \n        \n                <\/a>\n\n    \n\n\n<\/div>\n<\/div><\/div>\n<\/div><\/div><div class=\"bde-fancy-divider-304-128 bde-fancy-divider\">\n\n\n<div class=\"bde-fancy-divider__wrapper\">\n  <div class=\"bde-fancy-divider__separator   \">\n  \t  <\/div>\n<\/div>\n\n<\/div><\/div>\n<\/section><section class=\"bde-section-304-129 bde-section\">\n  \n  \n\t\n\n\n\n<div class=\"section-container\"><div class=\"bde-columns-304-130 bde-columns\"><div class=\"bde-column-304-131 bde-column\">\n  \n  \n\t\n\n\n\n<img decoding=\"async\" class=\"bde-image2-304-132 bde-image2\" src=\"http:\/\/mw.niubrands.pl\/wp-content\/uploads\/2025\/04\/airy.webp\" loading=\"lazy\" srcset=\"https:\/\/wojan-klimatyzacje.pl\/wp-content\/uploads\/2025\/04\/airy.webp 1920w, https:\/\/wojan-klimatyzacje.pl\/wp-content\/uploads\/2025\/04\/airy-300x99.webp 300w, https:\/\/wojan-klimatyzacje.pl\/wp-content\/uploads\/2025\/04\/airy-1024x337.webp 1024w, https:\/\/wojan-klimatyzacje.pl\/wp-content\/uploads\/2025\/04\/airy-768x253.webp 768w, https:\/\/wojan-klimatyzacje.pl\/wp-content\/uploads\/2025\/04\/airy-1536x506.webp 1536w\" sizes=\"(max-width: 1920px) 100vw, 1920px\">\n<\/div><div class=\"bde-column-304-133 bde-column\">\n  \n  \n\t\n\n\n\n<h1 class=\"bde-heading-304-134 bde-heading\">\nKlimatyzator \u015bcienny Airy\n<\/h1><div class=\"bde-text-304-135 bde-text\">\nW procesie tworzenia wn\u0119trza najcenniejsz\u0105 warto\u015bci\u0105 jest funkcjonalno\u015b\u0107 i styl. AIRY nie tylko inspiruje nowatorskim wzornictwem, odwag\u0105 koloru, czy intryguj\u0105cym kola\u017cem tekstur. AIRY to przede wszystkim innowacyjne technologie, kt\u00f3re pozwalaj\u0105 nam wprowadza\u0107 wydajne, trwa\u0142e i przyjazne dla \u015brodowiska rozwi\u0105zania. Wyposa\u017cone w sztuczn\u0105 inteligencj\u0119, zapewniaj\u0105 maksymalny komfort dla u\u017cytkownik\u00f3w przy jednoczesnym energooszcz\u0119dnym dzia\u0142aniu. Szerokie zakresy temperatur pracy w po\u0142\u0105czeniu z prze\u0142omow\u0105 technologi\u0105 hybrydowego odszraniania gwarantuj\u0105 bezpieczn\u0105 i stabiln\u0105 prac\u0119 systemu oraz niezawodne ogrzewanie nawet do -25\u00b0C.\n<\/div><div class=\"bde-columns-304-136 bde-columns\"><div class=\"bde-column-304-137 bde-column\">\n  \n  \n\t\n\n\n\n<div class=\"bde-button-304-138 bde-button\">\n    \n                        \n                        \n    \n    \n    \n    \n            \n                    \n            \n            \n\n    \n    \n    \n    \n    \n    <a class=\"breakdance-link button-atom button-atom--custom bde-button__button\" href=\"https:\/\/gree.pl\/produkt\/klimatyzator-scienny-airy\/\" target=\"_self\" data-type=\"url\"  >\n\n    \n        <span class=\"button-atom__text\">Dane techniczne modeli<\/span>\n\n        \n        \n                <\/a>\n\n    \n\n\n<\/div>\n<\/div><div class=\"bde-column-304-139 bde-column\">\n  \n  \n\t\n\n\n\n<div class=\"bde-button-304-140 bde-button\">\n    \n                        \n                        \n    \n    \n    \n    \n            \n                    \n            \n            \n\n    \n    \n    \n    \n    \n    <a class=\"breakdance-link button-atom button-atom--custom bde-button__button\" href=\"tel: 531606532\" target=\"_self\" data-type=\"contact\"  >\n\n    \n        <span class=\"button-atom__text\">Zapytaj o dob\u00f3r i cen\u0119 klimatyzatora<\/span>\n\n        \n        \n                <\/a>\n\n    \n\n\n<\/div>\n<\/div><\/div>\n<\/div><\/div><div class=\"bde-fancy-divider-304-141 bde-fancy-divider\">\n\n\n<div class=\"bde-fancy-divider__wrapper\">\n  <div class=\"bde-fancy-divider__separator   \">\n  \t  <\/div>\n<\/div>\n\n<\/div><\/div>\n<\/section>","protected":false},"excerpt":{"rendered":"<p>Modele firmy Gree Klimatyzator \u015bcienny Pular PRO Najnowsza kolekcja Pular PRO to kontynuacja kultowej ju\u017c serii klimatyzator\u00f3w Pular. Przy zachowaniu prostej formy i estetyki w duchu minimal urz\u0105dzenia zyska\u0142y nowy, mocny kolor i ca\u0142e spektrum funkcji i udogodnie\u0144. Pular PRO to klimatyzator, kt\u00f3ry nie tylko efektywnie ch\u0142odzi, ale tak\u017ce wydajnie ogrzewa. Dane techniczne modeli Zapytaj [&hellip;]<\/p>\n","protected":false},"author":1,"featured_media":0,"parent":0,"menu_order":0,"comment_status":"closed","ping_status":"closed","template":"","meta":{"_breakdance_hide_in_design_set":false,"_breakdance_tags":"","footnotes":""},"class_list":["post-304","page","type-page","status-publish","hentry"],"_links":{"self":[{"href":"https:\/\/wojan-klimatyzacje.pl\/index.php\/wp-json\/wp\/v2\/pages\/304","targetHints":{"allow":["GET"]}}],"collection":[{"href":"https:\/\/wojan-klimatyzacje.pl\/index.php\/wp-json\/wp\/v2\/pages"}],"about":[{"href":"https:\/\/wojan-klimatyzacje.pl\/index.php\/wp-json\/wp\/v2\/types\/page"}],"author":[{"embeddable":true,"href":"https:\/\/wojan-klimatyzacje.pl\/index.php\/wp-json\/wp\/v2\/users\/1"}],"replies":[{"embeddable":true,"href":"https:\/\/wojan-klimatyzacje.pl\/index.php\/wp-json\/wp\/v2\/comments?post=304"}],"version-history":[{"count":8,"href":"https:\/\/wojan-klimatyzacje.pl\/index.php\/wp-json\/wp\/v2\/pages\/304\/revisions"}],"predecessor-version":[{"id":316,"href":"https:\/\/wojan-klimatyzacje.pl\/index.php\/wp-json\/wp\/v2\/pages\/304\/revisions\/316"}],"wp:attachment":[{"href":"https:\/\/wojan-klimatyzacje.pl\/index.php\/wp-json\/wp\/v2\/media?parent=304"}],"curies":[{"name":"wp","href":"https:\/\/api.w.org\/{rel}","templated":true}]}}