{"id":252,"date":"2025-04-11T13:30:44","date_gmt":"2025-04-11T13:30:44","guid":{"rendered":"https:\/\/mw.niubrands.pl\/?page_id=252"},"modified":"2025-04-16T18:15:22","modified_gmt":"2025-04-16T18:15:22","slug":"produkty","status":"publish","type":"page","link":"https:\/\/wojan-klimatyzacje.pl\/index.php\/produkty\/","title":{"rendered":"Produkty"},"content":{"rendered":"<section class=\"bde-section-252-100 bde-section\">\n  \n  \n\t\n\n\n\n<div class=\"section-container\"><h1 class=\"bde-heading-252-101 bde-heading\">\nPolecane modele klimatyzator\u00f3w\n<\/h1><\/div>\n<\/section><section class=\"bde-section-252-102 bde-section\">\n  \n  \n\t\n\n\n\n<div class=\"section-container\"><div class=\"bde-columns-252-104 bde-columns\"><div class=\"bde-column-252-105 bde-column\">\n  \n  \n\t\n\n\n\n<div class=\"bde-image-box-252-109 bde-image-box\">\n<div class=\"ee-imagebox-image\">\n  <img loading=\"lazy\" decoding=\"async\" class=\"breakdance-image-object\" src=\"http:\/\/mw.niubrands.pl\/wp-content\/uploads\/2025\/04\/logo.webp\" width=\"300\" height=\"78\" sizes=\"auto, (max-width: 300px) 100vw, 300px\">\n<\/div>\n<div class=\"ee-imagebox-content\">\n      <p class=\"ee-imagebox-title bde-h3\" >AUX<\/p>\n    \n    \n          \n                        \n                        \n    \n    \n    \n    \n            \n                    \n            \n            \n\n    \n    \n    \n    \n    \n    <a class=\"breakdance-link button-atom button-atom--custom ee-imagebox-button\" href=\"https:\/\/wojan-klimatyzacje.pl\/index.php\/aux\/\" target=\"_self\" data-type=\"url\"  >\n\n    \n        <span class=\"button-atom__text\">Wi\u0119cej o modelach<\/span>\n\n        \n        \n                <\/a>\n\n    \n\n  <\/div>\n\n<\/div>\n<\/div><div class=\"bde-column-252-106 bde-column\">\n  \n  \n\t\n\n\n\n<div class=\"bde-image-box-252-110 bde-image-box\">\n<div class=\"ee-imagebox-image\">\n  <img loading=\"lazy\" decoding=\"async\" class=\"breakdance-image-object\" src=\"http:\/\/mw.niubrands.pl\/wp-content\/uploads\/2025\/04\/unnamed.png\" width=\"512\" height=\"247\" srcset=\"https:\/\/wojan-klimatyzacje.pl\/wp-content\/uploads\/2025\/04\/unnamed.png 512w, https:\/\/wojan-klimatyzacje.pl\/wp-content\/uploads\/2025\/04\/unnamed-300x145.png 300w\" sizes=\"auto, (max-width: 512px) 100vw, 512px\">\n<\/div>\n<div class=\"ee-imagebox-content\">\n      <p class=\"ee-imagebox-title bde-h3\" >GREE<\/p>\n    \n    \n          \n                        \n                        \n    \n    \n    \n    \n            \n                    \n            \n            \n\n    \n    \n    \n    \n    \n    <a class=\"breakdance-link button-atom button-atom--custom ee-imagebox-button\" href=\"https:\/\/wojan-klimatyzacje.pl\/index.php\/gree\/\" target=\"_self\" data-type=\"url\"  >\n\n    \n        <span class=\"button-atom__text\">Wi\u0119cej o modelach<\/span>\n\n        \n        \n                <\/a>\n\n    \n\n  <\/div>\n\n<\/div>\n<\/div><div class=\"bde-column-252-107 bde-column\">\n  \n  \n\t\n\n\n\n<div class=\"bde-image-box-252-111 bde-image-box\">\n<div class=\"ee-imagebox-image\">\n  <img loading=\"lazy\" decoding=\"async\" class=\"breakdance-image-object\" src=\"http:\/\/mw.niubrands.pl\/wp-content\/uploads\/2025\/04\/images.png\" width=\"426\" height=\"118\" srcset=\"https:\/\/wojan-klimatyzacje.pl\/wp-content\/uploads\/2025\/04\/images.png 426w, https:\/\/wojan-klimatyzacje.pl\/wp-content\/uploads\/2025\/04\/images-300x83.png 300w\" sizes=\"auto, (max-width: 426px) 100vw, 426px\">\n<\/div>\n<div class=\"ee-imagebox-content\">\n      <p class=\"ee-imagebox-title bde-h3\" >Rotenso<\/p>\n    \n    \n          \n                        \n                        \n    \n    \n    \n    \n            \n                    \n            \n            \n\n    \n    \n    \n    \n    \n    <a class=\"breakdance-link button-atom button-atom--custom ee-imagebox-button\" href=\"https:\/\/wojan-klimatyzacje.pl\/index.php\/rotenso\/\" target=\"_self\" data-type=\"url\"  >\n\n    \n        <span class=\"button-atom__text\">Wi\u0119cej o modelach<\/span>\n\n        \n        \n                <\/a>\n\n    \n\n  <\/div>\n\n<\/div>\n<\/div><\/div><\/div>\n<\/section>","protected":false},"excerpt":{"rendered":"<p>Polecane modele klimatyzator\u00f3w AUX Wi\u0119cej o modelach GREE Wi\u0119cej o modelach Rotenso Wi\u0119cej o modelach<\/p>\n","protected":false},"author":1,"featured_media":0,"parent":0,"menu_order":0,"comment_status":"closed","ping_status":"closed","template":"","meta":{"_breakdance_hide_in_design_set":false,"_breakdance_tags":"","footnotes":""},"class_list":["post-252","page","type-page","status-publish","hentry"],"_links":{"self":[{"href":"https:\/\/wojan-klimatyzacje.pl\/index.php\/wp-json\/wp\/v2\/pages\/252","targetHints":{"allow":["GET"]}}],"collection":[{"href":"https:\/\/wojan-klimatyzacje.pl\/index.php\/wp-json\/wp\/v2\/pages"}],"about":[{"href":"https:\/\/wojan-klimatyzacje.pl\/index.php\/wp-json\/wp\/v2\/types\/page"}],"author":[{"embeddable":true,"href":"https:\/\/wojan-klimatyzacje.pl\/index.php\/wp-json\/wp\/v2\/users\/1"}],"replies":[{"embeddable":true,"href":"https:\/\/wojan-klimatyzacje.pl\/index.php\/wp-json\/wp\/v2\/comments?post=252"}],"version-history":[{"count":9,"href":"https:\/\/wojan-klimatyzacje.pl\/index.php\/wp-json\/wp\/v2\/pages\/252\/revisions"}],"predecessor-version":[{"id":331,"href":"https:\/\/wojan-klimatyzacje.pl\/index.php\/wp-json\/wp\/v2\/pages\/252\/revisions\/331"}],"wp:attachment":[{"href":"https:\/\/wojan-klimatyzacje.pl\/index.php\/wp-json\/wp\/v2\/media?parent=252"}],"curies":[{"name":"wp","href":"https:\/\/api.w.org\/{rel}","templated":true}]}}